{"id":55,"date":"2025-03-18T22:26:05","date_gmt":"2025-03-18T22:26:05","guid":{"rendered":"https:\/\/demo.ascendig.ar\/?product=vintage-typewriter"},"modified":"2025-10-20T19:21:35","modified_gmt":"2025-10-20T19:21:35","slug":"vintage-typewriter","status":"publish","type":"product","link":"https:\/\/demo.ascendig.ar\/?product=vintage-typewriter","title":{"rendered":"Vintage Typewriter"},"content":{"rendered":"<p><span style=\"vertical-align: inherit;\"><span style=\"vertical-align: inherit;\">\u00bfUna novela de esp\u00edas de \u00e9xito o una carta de amor? Cualquier cosa que escribas con esta m\u00e1quina de escribir vintage de los a\u00f1os 20 dejar\u00e1 huella.<\/span><\/span><\/p>\n","protected":false},"excerpt":{"rendered":"<p>\u00bfUna novela de esp\u00edas de \u00e9xito o una carta de amor? Cualquier cosa que escribas con esta m\u00e1quina de escribir vintage de los a\u00f1os 20 dejar\u00e1 huella.<\/p>\n","protected":false},"featured_media":54,"comment_status":"open","ping_status":"closed","template":"","meta":[],"product_brand":[],"product_cat":[15],"product_tag":[],"class_list":{"0":"post-55","1":"product","2":"type-product","3":"status-publish","4":"has-post-thumbnail","6":"product_cat-uncategorized","8":"first","9":"instock","10":"taxable","11":"shipping-taxable","12":"purchasable","13":"product-type-simple"},"_links":{"self":[{"href":"https:\/\/demo.ascendig.ar\/index.php?rest_route=\/wp\/v2\/product\/55","targetHints":{"allow":["GET"]}}],"collection":[{"href":"https:\/\/demo.ascendig.ar\/index.php?rest_route=\/wp\/v2\/product"}],"about":[{"href":"https:\/\/demo.ascendig.ar\/index.php?rest_route=\/wp\/v2\/types\/product"}],"replies":[{"embeddable":true,"href":"https:\/\/demo.ascendig.ar\/index.php?rest_route=%2Fwp%2Fv2%2Fcomments&post=55"}],"wp:featuredmedia":[{"embeddable":true,"href":"https:\/\/demo.ascendig.ar\/index.php?rest_route=\/wp\/v2\/media\/54"}],"wp:attachment":[{"href":"https:\/\/demo.ascendig.ar\/index.php?rest_route=%2Fwp%2Fv2%2Fmedia&parent=55"}],"wp:term":[{"taxonomy":"product_brand","embeddable":true,"href":"https:\/\/demo.ascendig.ar\/index.php?rest_route=%2Fwp%2Fv2%2Fproduct_brand&post=55"},{"taxonomy":"product_cat","embeddable":true,"href":"https:\/\/demo.ascendig.ar\/index.php?rest_route=%2Fwp%2Fv2%2Fproduct_cat&post=55"},{"taxonomy":"product_tag","embeddable":true,"href":"https:\/\/demo.ascendig.ar\/index.php?rest_route=%2Fwp%2Fv2%2Fproduct_tag&post=55"}],"curies":[{"name":"wp","href":"https:\/\/api.w.org\/{rel}","templated":true}]}}